{"id":17,"date":"2023-10-13T11:10:22","date_gmt":"2023-10-13T11:10:22","guid":{"rendered":"https:\/\/silvimannequeen.com\/?page_id=17"},"modified":"2024-05-11T18:57:39","modified_gmt":"2024-05-11T18:57:39","slug":"contact","status":"publish","type":"page","link":"https:\/\/silvimannequeen.com\/en\/contact\/","title":{"rendered":"Contact"},"content":{"rendered":"\t\t<div data-elementor-type=\"wp-page\" data-elementor-id=\"17\" class=\"elementor elementor-17\" data-elementor-post-type=\"page\">\n\t\t\t\t\t\t<section class=\"elementor-section elementor-top-section elementor-element elementor-element-08a18a7 elementor-section-boxed elementor-section-height-default elementor-section-height-default\" data-id=\"08a18a7\" data-element_type=\"section\" data-e-type=\"section\">\n\t\t\t\t\t\t<div class=\"elementor-container elementor-column-gap-default\">\n\t\t\t\t\t<div class=\"elementor-column elementor-col-100 elementor-top-column elementor-element elementor-element-8c8d62a\" data-id=\"8c8d62a\" data-element_type=\"column\" data-e-type=\"column\">\n\t\t\t<div class=\"elementor-widget-wrap elementor-element-populated\">\n\t\t\t\t\t\t<div class=\"elementor-element elementor-element-b285efa elementor-widget elementor-widget-heading\" data-id=\"b285efa\" data-element_type=\"widget\" data-e-type=\"widget\" data-widget_type=\"heading.default\">\n\t\t\t\t<div class=\"elementor-widget-container\">\n\t\t\t\t\t<h1 class=\"elementor-heading-title elementor-size-default\">Contacto<\/h1>\t\t\t\t<\/div>\n\t\t\t\t<\/div>\n\t\t\t\t<section class=\"elementor-section elementor-inner-section elementor-element elementor-element-6179df0 elementor-section-boxed elementor-section-height-default elementor-section-height-default\" data-id=\"6179df0\" data-element_type=\"section\" data-e-type=\"section\">\n\t\t\t\t\t\t<div class=\"elementor-container elementor-column-gap-default\">\n\t\t\t\t\t<div class=\"elementor-column elementor-col-50 elementor-inner-column elementor-element elementor-element-c1eade5\" data-id=\"c1eade5\" data-element_type=\"column\" data-e-type=\"column\">\n\t\t\t<div class=\"elementor-widget-wrap elementor-element-populated\">\n\t\t\t\t\t\t<div class=\"elementor-element elementor-element-47b0b5b elementor-widget elementor-widget-heading\" data-id=\"47b0b5b\" data-element_type=\"widget\" data-e-type=\"widget\" data-widget_type=\"heading.default\">\n\t\t\t\t<div class=\"elementor-widget-container\">\n\t\t\t\t\t<h2 class=\"elementor-heading-title elementor-size-default\">SILVI MANNEQUEEN<\/h2>\t\t\t\t<\/div>\n\t\t\t\t<\/div>\n\t\t\t\t<div class=\"elementor-element elementor-element-76bf799 elementor-widget__width-auto elementor-view-default elementor-widget elementor-widget-icon\" data-id=\"76bf799\" data-element_type=\"widget\" data-e-type=\"widget\" data-widget_type=\"icon.default\">\n\t\t\t\t<div class=\"elementor-widget-container\">\n\t\t\t\t\t\t\t<div class=\"elementor-icon-wrapper\">\n\t\t\t<div class=\"elementor-icon\">\n\t\t\t<i aria-hidden=\"true\" class=\"fas fa-envelope\"><\/i>\t\t\t<\/div>\n\t\t<\/div>\n\t\t\t\t\t\t<\/div>\n\t\t\t\t<\/div>\n\t\t\t\t<div class=\"elementor-element elementor-element-df9744e elementor-widget__width-auto elementor-widget elementor-widget-text-editor\" data-id=\"df9744e\" data-element_type=\"widget\" data-e-type=\"widget\" data-widget_type=\"text-editor.default\">\n\t\t\t\t<div class=\"elementor-widget-container\">\n\t\t\t\t\t\t\t\t\t<p>\u00a0<a title=\"mailto:hola@silvimannequeen.com\" href=\"mailto:hola@silvimannequeen.com\" data-ogsc=\"\">hola@silvimannequeen.com<\/a><\/p>\t\t\t\t\t\t\t\t<\/div>\n\t\t\t\t<\/div>\n\t\t\t\t\t<\/div>\n\t\t<\/div>\n\t\t\t\t<div class=\"elementor-column elementor-col-50 elementor-inner-column elementor-element elementor-element-c49a03b\" data-id=\"c49a03b\" data-element_type=\"column\" data-e-type=\"column\">\n\t\t\t<div class=\"elementor-widget-wrap elementor-element-populated\">\n\t\t\t\t\t\t<div class=\"elementor-element elementor-element-ae226a1 elementor-hidden-desktop elementor-hidden-tablet elementor-hidden-mobile elementor-widget elementor-widget-image\" data-id=\"ae226a1\" data-element_type=\"widget\" data-e-type=\"widget\" data-widget_type=\"image.default\">\n\t\t\t\t<div class=\"elementor-widget-container\">\n\t\t\t\t\t\t\t\t\t\t\t\t\t\t\t<img decoding=\"async\" src=\"https:\/\/silvimannequeen.com\/wp-content\/plugins\/elementor\/assets\/images\/placeholder.png\" title=\"\" alt=\"\" loading=\"lazy\" \/>\t\t\t\t\t\t\t\t\t\t\t\t\t\t\t<\/div>\n\t\t\t\t<\/div>\n\t\t\t\t\t<\/div>\n\t\t<\/div>\n\t\t\t\t\t<\/div>\n\t\t<\/section>\n\t\t\t\t\t<\/div>\n\t\t<\/div>\n\t\t\t\t\t<\/div>\n\t\t<\/section>\n\t\t\t\t<section class=\"elementor-section elementor-top-section elementor-element elementor-element-1310093 elementor-section-boxed elementor-section-height-default elementor-section-height-default\" data-id=\"1310093\" data-element_type=\"section\" data-e-type=\"section\">\n\t\t\t\t\t\t<div class=\"elementor-container elementor-column-gap-default\">\n\t\t\t\t\t<div class=\"elementor-column elementor-col-100 elementor-top-column elementor-element elementor-element-c9ca652\" data-id=\"c9ca652\" data-element_type=\"column\" data-e-type=\"column\">\n\t\t\t<div class=\"elementor-widget-wrap elementor-element-populated\">\n\t\t\t\t\t\t<div class=\"elementor-element elementor-element-0752fb3 elementor-widget__width-initial elementor-button-align-stretch elementor-widget elementor-widget-form\" data-id=\"0752fb3\" data-element_type=\"widget\" data-e-type=\"widget\" data-settings=\"{&quot;step_next_label&quot;:&quot;Next&quot;,&quot;step_previous_label&quot;:&quot;Previous&quot;,&quot;button_width&quot;:&quot;100&quot;,&quot;step_type&quot;:&quot;number_text&quot;,&quot;step_icon_shape&quot;:&quot;circle&quot;}\" data-widget_type=\"form.default\">\n\t\t\t\t<div class=\"elementor-widget-container\">\n\t\t\t\t\t\t\t<form class=\"elementor-form\" method=\"post\" name=\"Contact form\">\n\t\t\t<input type=\"hidden\" name=\"post_id\" value=\"17\"\/>\n\t\t\t<input type=\"hidden\" name=\"form_id\" value=\"0752fb3\"\/>\n\t\t\t<input type=\"hidden\" name=\"referer_title\" value=\"Silvi ManneQueen\" \/>\n\n\t\t\t\n\t\t\t<div class=\"elementor-form-fields-wrapper elementor-labels-\">\n\t\t\t\t\t\t\t\t<div class=\"elementor-field-type-text elementor-field-group elementor-column elementor-field-group-name elementor-col-50 elementor-field-required\">\n\t\t\t\t\t\t\t\t\t\t\t\t<label for=\"form-field-name\" class=\"elementor-field-label elementor-screen-only\">\n\t\t\t\t\t\t\t\tNombre\t\t\t\t\t\t\t<\/label>\n\t\t\t\t\t\t\t\t\t\t\t\t\t\t<input size=\"1\" type=\"text\" name=\"form_fields[name]\" id=\"form-field-name\" class=\"elementor-field elementor-size-sm  elementor-field-textual\" placeholder=\"Nombre\" required=\"required\" aria-required=\"true\">\n\t\t\t\t\t\t\t\t\t\t\t<\/div>\n\t\t\t\t\t\t\t\t<div class=\"elementor-field-type-email elementor-field-group elementor-column elementor-field-group-email elementor-col-50 elementor-field-required\">\n\t\t\t\t\t\t\t\t\t\t\t\t<label for=\"form-field-email\" class=\"elementor-field-label elementor-screen-only\">\n\t\t\t\t\t\t\t\tEmail\t\t\t\t\t\t\t<\/label>\n\t\t\t\t\t\t\t\t\t\t\t\t\t\t<input size=\"1\" type=\"email\" name=\"form_fields[email]\" id=\"form-field-email\" class=\"elementor-field elementor-size-sm  elementor-field-textual\" placeholder=\"Email\" required=\"required\" aria-required=\"true\">\n\t\t\t\t\t\t\t\t\t\t\t<\/div>\n\t\t\t\t\t\t\t\t<div class=\"elementor-field-type-text elementor-field-group elementor-column elementor-field-group-field_6c33521 elementor-col-100 elementor-field-required\">\n\t\t\t\t\t\t\t\t\t\t\t\t<label for=\"form-field-field_6c33521\" class=\"elementor-field-label elementor-screen-only\">\n\t\t\t\t\t\t\t\tAsunto\t\t\t\t\t\t\t<\/label>\n\t\t\t\t\t\t\t\t\t\t\t\t\t\t<input size=\"1\" type=\"text\" name=\"form_fields[field_6c33521]\" id=\"form-field-field_6c33521\" class=\"elementor-field elementor-size-sm  elementor-field-textual\" placeholder=\"Asunto\" required=\"required\" aria-required=\"true\">\n\t\t\t\t\t\t\t\t\t\t\t<\/div>\n\t\t\t\t\t\t\t\t<div class=\"elementor-field-type-textarea elementor-field-group elementor-column elementor-field-group-message elementor-col-100 elementor-field-required\">\n\t\t\t\t\t\t\t\t\t\t\t\t<label for=\"form-field-message\" class=\"elementor-field-label elementor-screen-only\">\n\t\t\t\t\t\t\t\tMensaje\t\t\t\t\t\t\t<\/label>\n\t\t\t\t\t\t<textarea class=\"elementor-field-textual elementor-field  elementor-size-sm\" name=\"form_fields[message]\" id=\"form-field-message\" rows=\"4\" placeholder=\"Mensaje\" required=\"required\" aria-required=\"true\"><\/textarea>\t\t\t\t<\/div>\n\t\t\t\t\t\t\t\t<div class=\"elementor-field-group elementor-column elementor-field-type-submit elementor-col-100 e-form__buttons\">\n\t\t\t\t\t<button type=\"submit\" class=\"elementor-button elementor-size-sm\">\n\t\t\t\t\t\t<span >\n\t\t\t\t\t\t\t\t\t\t\t\t\t\t\t<span class=\" elementor-button-icon\">\n\t\t\t\t\t\t\t\t\t\t\t\t\t\t\t\t\t\t\t\t\t\t\t\t\t\t<\/span>\n\t\t\t\t\t\t\t\t\t\t\t\t\t\t\t\t\t\t\t\t\t\t<span class=\"elementor-button-text\">Enviar<\/span>\n\t\t\t\t\t\t\t\t\t\t\t\t\t<\/span>\n\t\t\t\t\t<\/button>\n\t\t\t\t<\/div>\n\t\t\t<\/div>\n\t\t<\/form>\n\t\t\t\t\t\t<\/div>\n\t\t\t\t<\/div>\n\t\t\t\t\t<\/div>\n\t\t<\/div>\n\t\t\t\t\t<\/div>\n\t\t<\/section>\n\t\t\t\t<\/div>\n\t\t","protected":false},"excerpt":{"rendered":"<p>Contacto SILVI MANNEQUEEN \u00a0hola@silvimannequeen.com<\/p>","protected":false},"author":1,"featured_media":0,"parent":0,"menu_order":0,"comment_status":"closed","ping_status":"closed","template":"elementor_header_footer","meta":{"footnotes":""},"class_list":["post-17","page","type-page","status-publish","hentry","entry"],"yoast_head":"<!-- This site is optimized with the Yoast SEO plugin v27.4 - https:\/\/yoast.com\/product\/yoast-seo-wordpress\/ -->\n<title>Voguing \u2013 Team Building - Eventos para empresas &amp; marcas<\/title>\n<meta name=\"description\" content=\"Revoluciona tu empresa con un team building \u00fanico. Voguing para eventos, performances y talleres. Inclusi\u00f3n y diversidad. Que tu marca brille y se diferencie.\" \/>\n<meta name=\"robots\" content=\"index, follow, max-snippet:-1, max-image-preview:large, max-video-preview:-1\" \/>\n<link rel=\"canonical\" href=\"https:\/\/silvimannequeen.com\/en\/contact\/\" \/>\n<meta property=\"og:locale\" content=\"en_US\" \/>\n<meta property=\"og:type\" content=\"article\" \/>\n<meta property=\"og:title\" content=\"Voguing \u2013 Team Building - Eventos para empresas &amp; marcas\" \/>\n<meta property=\"og:description\" content=\"Revoluciona tu empresa con un team building \u00fanico. Voguing para eventos, performances y talleres. Inclusi\u00f3n y diversidad. Que tu marca brille y se diferencie.\" \/>\n<meta property=\"og:url\" content=\"https:\/\/silvimannequeen.com\/en\/contact\/\" \/>\n<meta property=\"og:site_name\" content=\"Silvi ManneQueen\" \/>\n<meta property=\"article:modified_time\" content=\"2024-05-11T18:57:39+00:00\" \/>\n<meta property=\"og:image\" content=\"https:\/\/silvimannequeen.com\/wp-content\/plugins\/elementor\/assets\/images\/placeholder.png\" \/>\n<meta name=\"twitter:card\" content=\"summary_large_image\" \/>\n<script type=\"application\/ld+json\" class=\"yoast-schema-graph\">{\"@context\":\"https:\\\/\\\/schema.org\",\"@graph\":[{\"@type\":\"WebPage\",\"@id\":\"https:\\\/\\\/silvimannequeen.com\\\/contact\\\/\",\"url\":\"https:\\\/\\\/silvimannequeen.com\\\/contact\\\/\",\"name\":\"Voguing \u2013 Team Building - Eventos para empresas & marcas\",\"isPartOf\":{\"@id\":\"https:\\\/\\\/silvimannequeen.com\\\/#website\"},\"primaryImageOfPage\":{\"@id\":\"https:\\\/\\\/silvimannequeen.com\\\/contact\\\/#primaryimage\"},\"image\":{\"@id\":\"https:\\\/\\\/silvimannequeen.com\\\/contact\\\/#primaryimage\"},\"thumbnailUrl\":\"https:\\\/\\\/silvimannequeen.com\\\/wp-content\\\/plugins\\\/elementor\\\/assets\\\/images\\\/placeholder.png\",\"datePublished\":\"2023-10-13T11:10:22+00:00\",\"dateModified\":\"2024-05-11T18:57:39+00:00\",\"description\":\"Revoluciona tu empresa con un team building \u00fanico. Voguing para eventos, performances y talleres. Inclusi\u00f3n y diversidad. Que tu marca brille y se diferencie.\",\"breadcrumb\":{\"@id\":\"https:\\\/\\\/silvimannequeen.com\\\/contact\\\/#breadcrumb\"},\"inLanguage\":\"en-US\",\"potentialAction\":[{\"@type\":\"ReadAction\",\"target\":[\"https:\\\/\\\/silvimannequeen.com\\\/contact\\\/\"]}]},{\"@type\":\"ImageObject\",\"inLanguage\":\"en-US\",\"@id\":\"https:\\\/\\\/silvimannequeen.com\\\/contact\\\/#primaryimage\",\"url\":\"https:\\\/\\\/silvimannequeen.com\\\/wp-content\\\/plugins\\\/elementor\\\/assets\\\/images\\\/placeholder.png\",\"contentUrl\":\"https:\\\/\\\/silvimannequeen.com\\\/wp-content\\\/plugins\\\/elementor\\\/assets\\\/images\\\/placeholder.png\"},{\"@type\":\"BreadcrumbList\",\"@id\":\"https:\\\/\\\/silvimannequeen.com\\\/contact\\\/#breadcrumb\",\"itemListElement\":[{\"@type\":\"ListItem\",\"position\":1,\"name\":\"Home\",\"item\":\"https:\\\/\\\/silvimannequeen.com\\\/\"},{\"@type\":\"ListItem\",\"position\":2,\"name\":\"Contact\"}]},{\"@type\":\"WebSite\",\"@id\":\"https:\\\/\\\/silvimannequeen.com\\\/#website\",\"url\":\"https:\\\/\\\/silvimannequeen.com\\\/\",\"name\":\"Silvi ManneQueen - Voguing \u2013 Team Building - Eventos para empresas & marcas\",\"description\":\"Silvi ManneQueen - Voguing &ndash; Team Building - Eventos para empresas &amp; marcas\",\"publisher\":{\"@id\":\"https:\\\/\\\/silvimannequeen.com\\\/#\\\/schema\\\/person\\\/905fc38f3ebfc0f1295159a7a389cd6c\"},\"alternateName\":\"Silvi ManneQueen - Voguing \u2013 Team Building - Eventos para empresas & marcas\",\"potentialAction\":[{\"@type\":\"SearchAction\",\"target\":{\"@type\":\"EntryPoint\",\"urlTemplate\":\"https:\\\/\\\/silvimannequeen.com\\\/?s={search_term_string}\"},\"query-input\":{\"@type\":\"PropertyValueSpecification\",\"valueRequired\":true,\"valueName\":\"search_term_string\"}}],\"inLanguage\":\"en-US\"},{\"@type\":[\"Person\",\"Organization\"],\"@id\":\"https:\\\/\\\/silvimannequeen.com\\\/#\\\/schema\\\/person\\\/905fc38f3ebfc0f1295159a7a389cd6c\",\"name\":\"admin\",\"image\":{\"@type\":\"ImageObject\",\"inLanguage\":\"en-US\",\"@id\":\"https:\\\/\\\/silvimannequeen.com\\\/wp-content\\\/uploads\\\/2024\\\/04\\\/cropped-LOGO_1_Modificado-removebg-preview.png\",\"url\":\"https:\\\/\\\/silvimannequeen.com\\\/wp-content\\\/uploads\\\/2024\\\/04\\\/cropped-LOGO_1_Modificado-removebg-preview.png\",\"contentUrl\":\"https:\\\/\\\/silvimannequeen.com\\\/wp-content\\\/uploads\\\/2024\\\/04\\\/cropped-LOGO_1_Modificado-removebg-preview.png\",\"width\":500,\"height\":265,\"caption\":\"admin\"},\"logo\":{\"@id\":\"https:\\\/\\\/silvimannequeen.com\\\/wp-content\\\/uploads\\\/2024\\\/04\\\/cropped-LOGO_1_Modificado-removebg-preview.png\"},\"description\":\"Soy Silvi Mannequeen, pionera del voguing y la escena ballroom en Espa\u00f1a. Tengo m\u00e1s de 20 a\u00f1os de experiencia en las danzas urbanas. El voguing es un estilo de baile que se origin\u00f3 en la comunidad LGBTQ+ negra y latina de Nueva York a finales de los a\u00f1os 60, dentro de la vibrante escena ballroom. Este baile y su performance han sido herramientas de resistencia creadas en sus or\u00edgenes por y para las personas negras y latinas, disidentes sexuales y de g\u00e9nero. Un baile que ha servido muchas mujeres trans para contar historias y reivindicar identidad, luchar por la visibilidad, los derechos y la libre expresi\u00f3n. A trav\u00e9s del voguing, te ayudo brillar.\",\"sameAs\":[\"https:\\\/\\\/silvimannequeen.com\"]}]}<\/script>\n<!-- \/ Yoast SEO plugin. -->","yoast_head_json":{"title":"Voguing \u2013 Team Building - Eventos para empresas & marcas","description":"Revoluciona tu empresa con un team building \u00fanico. Voguing para eventos, performances y talleres. Inclusi\u00f3n y diversidad. Que tu marca brille y se diferencie.","robots":{"index":"index","follow":"follow","max-snippet":"max-snippet:-1","max-image-preview":"max-image-preview:large","max-video-preview":"max-video-preview:-1"},"canonical":"https:\/\/silvimannequeen.com\/en\/contact\/","og_locale":"en_US","og_type":"article","og_title":"Voguing \u2013 Team Building - Eventos para empresas & marcas","og_description":"Revoluciona tu empresa con un team building \u00fanico. Voguing para eventos, performances y talleres. Inclusi\u00f3n y diversidad. Que tu marca brille y se diferencie.","og_url":"https:\/\/silvimannequeen.com\/en\/contact\/","og_site_name":"Silvi ManneQueen","article_modified_time":"2024-05-11T18:57:39+00:00","og_image":[{"url":"https:\/\/silvimannequeen.com\/wp-content\/plugins\/elementor\/assets\/images\/placeholder.png","type":"","width":"","height":""}],"twitter_card":"summary_large_image","schema":{"@context":"https:\/\/schema.org","@graph":[{"@type":"WebPage","@id":"https:\/\/silvimannequeen.com\/contact\/","url":"https:\/\/silvimannequeen.com\/contact\/","name":"Voguing \u2013 Team Building - Eventos para empresas & marcas","isPartOf":{"@id":"https:\/\/silvimannequeen.com\/#website"},"primaryImageOfPage":{"@id":"https:\/\/silvimannequeen.com\/contact\/#primaryimage"},"image":{"@id":"https:\/\/silvimannequeen.com\/contact\/#primaryimage"},"thumbnailUrl":"https:\/\/silvimannequeen.com\/wp-content\/plugins\/elementor\/assets\/images\/placeholder.png","datePublished":"2023-10-13T11:10:22+00:00","dateModified":"2024-05-11T18:57:39+00:00","description":"Revoluciona tu empresa con un team building \u00fanico. Voguing para eventos, performances y talleres. Inclusi\u00f3n y diversidad. Que tu marca brille y se diferencie.","breadcrumb":{"@id":"https:\/\/silvimannequeen.com\/contact\/#breadcrumb"},"inLanguage":"en-US","potentialAction":[{"@type":"ReadAction","target":["https:\/\/silvimannequeen.com\/contact\/"]}]},{"@type":"ImageObject","inLanguage":"en-US","@id":"https:\/\/silvimannequeen.com\/contact\/#primaryimage","url":"https:\/\/silvimannequeen.com\/wp-content\/plugins\/elementor\/assets\/images\/placeholder.png","contentUrl":"https:\/\/silvimannequeen.com\/wp-content\/plugins\/elementor\/assets\/images\/placeholder.png"},{"@type":"BreadcrumbList","@id":"https:\/\/silvimannequeen.com\/contact\/#breadcrumb","itemListElement":[{"@type":"ListItem","position":1,"name":"Home","item":"https:\/\/silvimannequeen.com\/"},{"@type":"ListItem","position":2,"name":"Contact"}]},{"@type":"WebSite","@id":"https:\/\/silvimannequeen.com\/#website","url":"https:\/\/silvimannequeen.com\/","name":"Silvi ManneQueen - Voguing \u2013 Team Building - Eventos para empresas & marcas","description":"Silvi ManneQueen - Voguing &ndash; Team Building - Eventos para empresas &amp; marcas","publisher":{"@id":"https:\/\/silvimannequeen.com\/#\/schema\/person\/905fc38f3ebfc0f1295159a7a389cd6c"},"alternateName":"Silvi ManneQueen - Voguing \u2013 Team Building - Eventos para empresas & marcas","potentialAction":[{"@type":"SearchAction","target":{"@type":"EntryPoint","urlTemplate":"https:\/\/silvimannequeen.com\/?s={search_term_string}"},"query-input":{"@type":"PropertyValueSpecification","valueRequired":true,"valueName":"search_term_string"}}],"inLanguage":"en-US"},{"@type":["Person","Organization"],"@id":"https:\/\/silvimannequeen.com\/#\/schema\/person\/905fc38f3ebfc0f1295159a7a389cd6c","name":"admin","image":{"@type":"ImageObject","inLanguage":"en-US","@id":"https:\/\/silvimannequeen.com\/wp-content\/uploads\/2024\/04\/cropped-LOGO_1_Modificado-removebg-preview.png","url":"https:\/\/silvimannequeen.com\/wp-content\/uploads\/2024\/04\/cropped-LOGO_1_Modificado-removebg-preview.png","contentUrl":"https:\/\/silvimannequeen.com\/wp-content\/uploads\/2024\/04\/cropped-LOGO_1_Modificado-removebg-preview.png","width":500,"height":265,"caption":"admin"},"logo":{"@id":"https:\/\/silvimannequeen.com\/wp-content\/uploads\/2024\/04\/cropped-LOGO_1_Modificado-removebg-preview.png"},"description":"Soy Silvi Mannequeen, pionera del voguing y la escena ballroom en Espa\u00f1a. Tengo m\u00e1s de 20 a\u00f1os de experiencia en las danzas urbanas. El voguing es un estilo de baile que se origin\u00f3 en la comunidad LGBTQ+ negra y latina de Nueva York a finales de los a\u00f1os 60, dentro de la vibrante escena ballroom. Este baile y su performance han sido herramientas de resistencia creadas en sus or\u00edgenes por y para las personas negras y latinas, disidentes sexuales y de g\u00e9nero. Un baile que ha servido muchas mujeres trans para contar historias y reivindicar identidad, luchar por la visibilidad, los derechos y la libre expresi\u00f3n. A trav\u00e9s del voguing, te ayudo brillar.","sameAs":["https:\/\/silvimannequeen.com"]}]}},"_links":{"self":[{"href":"https:\/\/silvimannequeen.com\/en\/wp-json\/wp\/v2\/pages\/17","targetHints":{"allow":["GET"]}}],"collection":[{"href":"https:\/\/silvimannequeen.com\/en\/wp-json\/wp\/v2\/pages"}],"about":[{"href":"https:\/\/silvimannequeen.com\/en\/wp-json\/wp\/v2\/types\/page"}],"author":[{"embeddable":true,"href":"https:\/\/silvimannequeen.com\/en\/wp-json\/wp\/v2\/users\/1"}],"replies":[{"embeddable":true,"href":"https:\/\/silvimannequeen.com\/en\/wp-json\/wp\/v2\/comments?post=17"}],"version-history":[{"count":32,"href":"https:\/\/silvimannequeen.com\/en\/wp-json\/wp\/v2\/pages\/17\/revisions"}],"predecessor-version":[{"id":1636,"href":"https:\/\/silvimannequeen.com\/en\/wp-json\/wp\/v2\/pages\/17\/revisions\/1636"}],"wp:attachment":[{"href":"https:\/\/silvimannequeen.com\/en\/wp-json\/wp\/v2\/media?parent=17"}],"curies":[{"name":"wp","href":"https:\/\/api.w.org\/{rel}","templated":true}]}}