{"id":19,"date":"2023-10-13T11:11:30","date_gmt":"2023-10-13T11:11:30","guid":{"rendered":"https:\/\/silvimannequeen.com\/?page_id=19"},"modified":"2025-04-21T18:11:55","modified_gmt":"2025-04-21T18:11:55","slug":"skills","status":"publish","type":"page","link":"https:\/\/silvimannequeen.com\/en\/skills\/","title":{"rendered":"Skills"},"content":{"rendered":"<div data-elementor-type=\"wp-page\" data-elementor-id=\"19\" class=\"elementor elementor-19\" data-elementor-post-type=\"page\">\n\t\t\t\t\t\t<section class=\"elementor-section elementor-top-section elementor-element elementor-element-094af83 elementor-section-boxed elementor-section-height-default elementor-section-height-default\" data-id=\"094af83\" data-element_type=\"section\" data-e-type=\"section\">\n\t\t\t\t\t\t<div class=\"elementor-container elementor-column-gap-default\">\n\t\t\t\t\t<div class=\"elementor-column elementor-col-100 elementor-top-column elementor-element elementor-element-5c3d466\" data-id=\"5c3d466\" data-element_type=\"column\" data-e-type=\"column\">\n\t\t\t<div class=\"elementor-widget-wrap elementor-element-populated\">\n\t\t\t\t\t\t<div class=\"elementor-element elementor-element-6e559d2 elementor-widget elementor-widget-heading\" data-id=\"6e559d2\" data-element_type=\"widget\" data-e-type=\"widget\" data-widget_type=\"heading.default\">\n\t\t\t\t<div class=\"elementor-widget-container\">\n\t\t\t\t\t<h1 class=\"elementor-heading-title elementor-size-default\">SERVICIOS CREATIVOS<\/h1>\t\t\t\t<\/div>\n\t\t\t\t<\/div>\n\t\t\t\t<section class=\"elementor-section elementor-inner-section elementor-element elementor-element-f84d9b5 elementor-section-full_width elementor-section-height-default elementor-section-height-default\" data-id=\"f84d9b5\" data-element_type=\"section\" data-e-type=\"section\">\n\t\t\t\t\t\t<div class=\"elementor-container elementor-column-gap-custom\">\n\t\t\t\t\t<div class=\"elementor-column elementor-col-50 elementor-inner-column elementor-element elementor-element-5d6096b\" data-id=\"5d6096b\" data-element_type=\"column\" data-e-type=\"column\">\n\t\t\t<div class=\"elementor-widget-wrap elementor-element-populated\">\n\t\t\t\t\t\t<div class=\"elementor-element elementor-element-18ac9c6 elementor-widget elementor-widget-text-editor\" data-id=\"18ac9c6\" data-element_type=\"widget\" data-e-type=\"widget\" data-widget_type=\"text-editor.default\">\n\t\t\t\t<div class=\"elementor-widget-container\">\n\t\t\t\t\t\t\t\t\t<p>Welcome to the exciting world of movement and creativity! As an accomplished dancer and teacher, artistic director and movement coach, my passion is to take dance and the art of movement to new levels of excellence and creativity.<\/p><p><br><\/p>\n<p><\/p>\n<p><b>ARTISTIC DIRECTION, A MOVEMENT<\/b><\/p>\n<p><span style=\"font-weight: 400;\">As an artistic director, I have a vision to create and direct innovative and exciting productions that captivate audiences and challenge convention. From theatrical productions to corporate events, my creative approach fuses styles and genres to tell emotional and original stories through movement and choreography.<\/span><\/p>\n<p><span style=\"font-weight: 400;\">&nbsp;<\/span><\/p>\n<p><b>MOVEMENT COACH AND DANCE CLASSES<\/b><\/p>\n<p><span style=\"font-weight: 400;\">With a strong background in various dance techniques, my goal is to share my experience and knowledge to inspire and empower others in the art of dance. Like <\/span><span style=\"font-weight: 400;\">teacher<\/span><span style=\"font-weight: 400;\">I strive to cultivate a <\/span><b>stimulating and safe learning environment<\/b><span style=\"font-weight: 400;\">I adapt my pedagogical approach to the individual needs of my students.<\/span><\/p>\n<p>In addition, as a movement coach, I am dedicated to helping people, artists, and even company executives to be able to&nbsp;<span style=\"font-weight: bold;\">communicate with power and confidence and reach their full potential through body language.<\/span>&nbsp;y&nbsp;<span style=\"font-weight: 400;\"><br><\/span><\/p>\t\t\t\t\t\t\t\t<\/div>\n\t\t\t\t<\/div>\n\t\t\t\t\t<\/div>\n\t\t<\/div>\n\t\t\t\t<div class=\"elementor-column elementor-col-50 elementor-inner-column elementor-element elementor-element-c89000d\" data-id=\"c89000d\" data-element_type=\"column\" data-e-type=\"column\">\n\t\t\t<div class=\"elementor-widget-wrap elementor-element-populated\">\n\t\t\t\t\t\t<div class=\"elementor-element elementor-element-bb0b516 elementor-widget elementor-widget-image\" data-id=\"bb0b516\" data-element_type=\"widget\" data-e-type=\"widget\" data-widget_type=\"image.default\">\n\t\t\t\t<div class=\"elementor-widget-container\">\n\t\t\t\t\t\t\t\t\t\t\t\t\t\t\t<img fetchpriority=\"high\" decoding=\"async\" width=\"3024\" height=\"4032\" src=\"https:\/\/silvimannequeen.com\/wp-content\/uploads\/2024\/04\/SILVI-GLOBOS-3-copia-1.png\" class=\"attachment-full size-full wp-image-1365\" alt=\"\" srcset=\"https:\/\/silvimannequeen.com\/wp-content\/uploads\/2024\/04\/SILVI-GLOBOS-3-copia-1.png 3024w, https:\/\/silvimannequeen.com\/wp-content\/uploads\/2024\/04\/SILVI-GLOBOS-3-copia-1-225x300.png 225w, https:\/\/silvimannequeen.com\/wp-content\/uploads\/2024\/04\/SILVI-GLOBOS-3-copia-1-768x1024.png 768w, https:\/\/silvimannequeen.com\/wp-content\/uploads\/2024\/04\/SILVI-GLOBOS-3-copia-1-1152x1536.png 1152w, https:\/\/silvimannequeen.com\/wp-content\/uploads\/2024\/04\/SILVI-GLOBOS-3-copia-1-1536x2048.png 1536w, https:\/\/silvimannequeen.com\/wp-content\/uploads\/2024\/04\/SILVI-GLOBOS-3-copia-1-1568x2091.png 1568w\" sizes=\"(max-width: 3024px) 100vw, 3024px\" style=\"width:100%;height:133.33%;max-width:3024px\" \/>\t\t\t\t\t\t\t\t\t\t\t\t\t\t\t<\/div>\n\t\t\t\t<\/div>\n\t\t\t\t\t<\/div>\n\t\t<\/div>\n\t\t\t\t\t<\/div>\n\t\t<\/section>\n\t\t\t\t<div class=\"elementor-element elementor-element-6c7f6d1 elementor-widget elementor-widget-text-editor\" data-id=\"6c7f6d1\" data-element_type=\"widget\" data-e-type=\"widget\" data-widget_type=\"text-editor.default\">\n\t\t\t\t<div class=\"elementor-widget-container\">\n\t\t\t\t\t\t\t\t\t<p><span style=\"color: var( --e-global-color-text ); font-family: var( --e-global-typography-text-font-family ), Sans-serif; font-weight: var( --e-global-typography-text-font-weight );\">Using physical and mental training techniques, I guide my clients to develop strength, flexibility and body expression, while fostering self-confidence and authenticity in their art.<\/span><\/p><p>In addition to my artistic services, I also offer activities in the following areas <b>Team building<\/b>\u00a0unique and fun that use dance and movement to\u00a0<b>strengthen team relationships and improve collaboration and leadership.\u00a0\u00a0<\/b><span style=\"color: var( --e-global-color-text ); font-family: var( --e-global-typography-text-font-family ), Sans-serif; font-weight: var( --e-global-typography-text-font-weight );\">My team building programs are designed to foster effective communication, mutual trust and group cohesion, while developing key skills such as creativity, adaptability and problem solving.\u00a0<\/span><span style=\"color: var( --e-global-color-text ); font-family: var( --e-global-typography-text-font-family ), Sans-serif; font-weight: var( --e-global-typography-text-font-weight );\">Whether you are looking to improve your team's performance, strengthen relationships between colleagues or simply enjoy a fun and enriching experience, my team building activities are the perfect choice.\u00a0<\/span><\/p><p><span style=\"color: var( --e-global-color-text ); font-family: var( --e-global-typography-text-font-family ), Sans-serif; font-weight: var( --e-global-typography-text-font-weight );\">\u00a0<\/span><\/p><p>\u00a0<\/p><p><b>CASTING &amp; CHOREOGRAPHY<\/b><\/p><p>With a meticulous approach and attention to detail, I specialize in selecting and assembling exceptional and diverse talent and creating movements that elevate your artistic projects.\u00a0<span style=\"color: var( --e-global-color-text ); font-family: var( --e-global-typography-text-font-family ), Sans-serif; font-weight: var( --e-global-typography-text-font-weight );\">In close collaboration with you, I develop movements that are unique, impactful and memorable. From the conception of the choreography to its execution on stage, I am in charge of creating innovative and dynamic structures and visual experiences that captivate live audiences or viewers on digital media.  I also ensure that the choreography complements the narrative of the project and maximizes the emotional impact.\u00a0<\/span><\/p><p><span style=\"color: var( --e-global-color-text ); font-family: var( --e-global-typography-text-font-family ), Sans-serif; font-weight: var( --e-global-typography-text-font-weight );\">\u00a0<\/span><\/p><p>\u00a0<\/p><p><b>PERFORMANCE<\/b><\/p><p>From urban interventions to theatrical spectacles, undisciplined performance defies established norms, inviting the audience to immerse themselves in a world of sensations and emotions. Each performance is a unique and ephemeral experience, where the interaction between artist and spectator creates a deep and meaningful dialogue.<\/p><p>In my artistic practice, I explore the limits of undisciplined performance, constantly searching for new forms of expression and connection with the audience. My performance shows are a\u00a0<b>an invitation to question the established and to open the mind to new possibilities, creating moments of beauty and reflection that linger in the memory long after the lights go out.\u00a0<\/b><span style=\"color: var( --e-global-color-text ); font-family: var( --e-global-typography-text-font-family ), Sans-serif; font-weight: var( --e-global-typography-text-font-weight );\">Undisciplinary performance is an artistic expression that defies conventions and traditional boundaries; it is a unique and transformative experience where art merges with life, bringing the body to the stage or unconventional spaces to sublimate concepts in an innovative and exciting way.\u00a0<\/span><span style=\"color: var( --e-global-color-text ); font-family: var( --e-global-typography-text-font-family ), Sans-serif; font-weight: var( --e-global-typography-text-font-weight );\">There are no fixed rules or predefined limits and it is a fertile ground where creativity flourishes and expression is freed from any restrictions. Here, artists explore new forms of communication, using the body as a means of expression and space as a blank canvas to create powerful visual narratives.<\/span><\/p><p>\u00a0<\/p><p>\u00a0<\/p><p>Whether you are planning a show, a corporate or cultural event, an audiovisual production or you want to improve your personal skills join me in this exciting adventure of discovery and growth through movement and dance. And contact me today to take your ideas to the next level and help you realize your creative vision.<\/p>\t\t\t\t\t\t\t\t<\/div>\n\t\t\t\t<\/div>\n\t\t\t\t\t<\/div>\n\t\t<\/div>\n\t\t\t\t\t<\/div>\n\t\t<\/section>\n\t\t\t\t<\/div>","protected":false},"excerpt":{"rendered":"<p>SERVICIOS CREATIVOS \u00a1Bienvenidxs al excitante mundo del movimiento y la creatividad! Como bailarina y docente consumada, directora art\u00edstica y coach de movimiento, mi pasi\u00f3n es llevar la danza y el arte del movimiento a nuevos niveles de excelencia y creatividad. DIRECCI\u00d3N ART\u00cdSTICA Y DE MOVIMIENTO Como directora art\u00edstica, tengo la visi\u00f3n de crear y dirigir&hellip; <a class=\"more-link\" href=\"https:\/\/silvimannequeen.com\/en\/skills\/\">Continue reading <span class=\"screen-reader-text\">Skills<\/span><\/a><\/p>","protected":false},"author":1,"featured_media":0,"parent":0,"menu_order":0,"comment_status":"closed","ping_status":"closed","template":"elementor_header_footer","meta":{"footnotes":""},"class_list":["post-19","page","type-page","status-publish","hentry","entry"],"yoast_head":"<!-- This site is optimized with the Yoast SEO plugin v27.4 - https:\/\/yoast.com\/product\/yoast-seo-wordpress\/ -->\n<title>Voguing \u2013 Team Building - Eventos para empresas &amp; marcas<\/title>\n<meta name=\"description\" content=\"Revoluciona tu empresa con un team building \u00fanico. Voguing para eventos, performances y talleres. Inclusi\u00f3n y diversidad. Que tu marca brille y se diferencie.\" \/>\n<meta name=\"robots\" content=\"index, follow, max-snippet:-1, max-image-preview:large, max-video-preview:-1\" \/>\n<link rel=\"canonical\" href=\"https:\/\/silvimannequeen.com\/en\/skills\/\" \/>\n<meta property=\"og:locale\" content=\"en_US\" \/>\n<meta property=\"og:type\" content=\"article\" \/>\n<meta property=\"og:title\" content=\"Voguing \u2013 Team Building - Eventos para empresas &amp; marcas\" \/>\n<meta property=\"og:description\" content=\"Revoluciona tu empresa con un team building \u00fanico. Voguing para eventos, performances y talleres. Inclusi\u00f3n y diversidad. Que tu marca brille y se diferencie.\" \/>\n<meta property=\"og:url\" content=\"https:\/\/silvimannequeen.com\/en\/skills\/\" \/>\n<meta property=\"og:site_name\" content=\"Silvi ManneQueen\" \/>\n<meta property=\"article:modified_time\" content=\"2025-04-21T18:11:55+00:00\" \/>\n<meta property=\"og:image\" content=\"https:\/\/silvimannequeen.com\/wp-content\/uploads\/2024\/04\/SILVI-GLOBOS-3-copia-1.png\" \/>\n<meta name=\"twitter:card\" content=\"summary_large_image\" \/>\n<meta name=\"twitter:label1\" content=\"Est. reading time\" \/>\n\t<meta name=\"twitter:data1\" content=\"4 minutes\" \/>\n<script type=\"application\/ld+json\" class=\"yoast-schema-graph\">{\"@context\":\"https:\\\/\\\/schema.org\",\"@graph\":[{\"@type\":\"WebPage\",\"@id\":\"https:\\\/\\\/silvimannequeen.com\\\/skills\\\/\",\"url\":\"https:\\\/\\\/silvimannequeen.com\\\/skills\\\/\",\"name\":\"Voguing \u2013 Team Building - Eventos para empresas & marcas\",\"isPartOf\":{\"@id\":\"https:\\\/\\\/silvimannequeen.com\\\/#website\"},\"primaryImageOfPage\":{\"@id\":\"https:\\\/\\\/silvimannequeen.com\\\/skills\\\/#primaryimage\"},\"image\":{\"@id\":\"https:\\\/\\\/silvimannequeen.com\\\/skills\\\/#primaryimage\"},\"thumbnailUrl\":\"https:\\\/\\\/silvimannequeen.com\\\/wp-content\\\/uploads\\\/2024\\\/04\\\/SILVI-GLOBOS-3-copia-1.png\",\"datePublished\":\"2023-10-13T11:11:30+00:00\",\"dateModified\":\"2025-04-21T18:11:55+00:00\",\"description\":\"Revoluciona tu empresa con un team building \u00fanico. Voguing para eventos, performances y talleres. Inclusi\u00f3n y diversidad. Que tu marca brille y se diferencie.\",\"breadcrumb\":{\"@id\":\"https:\\\/\\\/silvimannequeen.com\\\/skills\\\/#breadcrumb\"},\"inLanguage\":\"en-US\",\"potentialAction\":[{\"@type\":\"ReadAction\",\"target\":[\"https:\\\/\\\/silvimannequeen.com\\\/skills\\\/\"]}]},{\"@type\":\"ImageObject\",\"inLanguage\":\"en-US\",\"@id\":\"https:\\\/\\\/silvimannequeen.com\\\/skills\\\/#primaryimage\",\"url\":\"https:\\\/\\\/silvimannequeen.com\\\/wp-content\\\/uploads\\\/2024\\\/04\\\/SILVI-GLOBOS-3-copia-1.png\",\"contentUrl\":\"https:\\\/\\\/silvimannequeen.com\\\/wp-content\\\/uploads\\\/2024\\\/04\\\/SILVI-GLOBOS-3-copia-1.png\"},{\"@type\":\"BreadcrumbList\",\"@id\":\"https:\\\/\\\/silvimannequeen.com\\\/skills\\\/#breadcrumb\",\"itemListElement\":[{\"@type\":\"ListItem\",\"position\":1,\"name\":\"Home\",\"item\":\"https:\\\/\\\/silvimannequeen.com\\\/\"},{\"@type\":\"ListItem\",\"position\":2,\"name\":\"Skills\"}]},{\"@type\":\"WebSite\",\"@id\":\"https:\\\/\\\/silvimannequeen.com\\\/#website\",\"url\":\"https:\\\/\\\/silvimannequeen.com\\\/\",\"name\":\"Silvi ManneQueen - Voguing \u2013 Team Building - Eventos para empresas & marcas\",\"description\":\"Silvi ManneQueen - Voguing &ndash; Team Building - Eventos para empresas &amp; marcas\",\"publisher\":{\"@id\":\"https:\\\/\\\/silvimannequeen.com\\\/#\\\/schema\\\/person\\\/905fc38f3ebfc0f1295159a7a389cd6c\"},\"alternateName\":\"Silvi ManneQueen - Voguing \u2013 Team Building - Eventos para empresas & marcas\",\"potentialAction\":[{\"@type\":\"SearchAction\",\"target\":{\"@type\":\"EntryPoint\",\"urlTemplate\":\"https:\\\/\\\/silvimannequeen.com\\\/?s={search_term_string}\"},\"query-input\":{\"@type\":\"PropertyValueSpecification\",\"valueRequired\":true,\"valueName\":\"search_term_string\"}}],\"inLanguage\":\"en-US\"},{\"@type\":[\"Person\",\"Organization\"],\"@id\":\"https:\\\/\\\/silvimannequeen.com\\\/#\\\/schema\\\/person\\\/905fc38f3ebfc0f1295159a7a389cd6c\",\"name\":\"admin\",\"image\":{\"@type\":\"ImageObject\",\"inLanguage\":\"en-US\",\"@id\":\"https:\\\/\\\/silvimannequeen.com\\\/wp-content\\\/uploads\\\/2024\\\/04\\\/cropped-LOGO_1_Modificado-removebg-preview.png\",\"url\":\"https:\\\/\\\/silvimannequeen.com\\\/wp-content\\\/uploads\\\/2024\\\/04\\\/cropped-LOGO_1_Modificado-removebg-preview.png\",\"contentUrl\":\"https:\\\/\\\/silvimannequeen.com\\\/wp-content\\\/uploads\\\/2024\\\/04\\\/cropped-LOGO_1_Modificado-removebg-preview.png\",\"width\":500,\"height\":265,\"caption\":\"admin\"},\"logo\":{\"@id\":\"https:\\\/\\\/silvimannequeen.com\\\/wp-content\\\/uploads\\\/2024\\\/04\\\/cropped-LOGO_1_Modificado-removebg-preview.png\"},\"description\":\"Soy Silvi Mannequeen, pionera del voguing y la escena ballroom en Espa\u00f1a. Tengo m\u00e1s de 20 a\u00f1os de experiencia en las danzas urbanas. El voguing es un estilo de baile que se origin\u00f3 en la comunidad LGBTQ+ negra y latina de Nueva York a finales de los a\u00f1os 60, dentro de la vibrante escena ballroom. Este baile y su performance han sido herramientas de resistencia creadas en sus or\u00edgenes por y para las personas negras y latinas, disidentes sexuales y de g\u00e9nero. Un baile que ha servido muchas mujeres trans para contar historias y reivindicar identidad, luchar por la visibilidad, los derechos y la libre expresi\u00f3n. A trav\u00e9s del voguing, te ayudo brillar.\",\"sameAs\":[\"https:\\\/\\\/silvimannequeen.com\"]}]}<\/script>\n<!-- \/ Yoast SEO plugin. -->","yoast_head_json":{"title":"Voguing \u2013 Team Building - Eventos para empresas & marcas","description":"Revoluciona tu empresa con un team building \u00fanico. Voguing para eventos, performances y talleres. Inclusi\u00f3n y diversidad. Que tu marca brille y se diferencie.","robots":{"index":"index","follow":"follow","max-snippet":"max-snippet:-1","max-image-preview":"max-image-preview:large","max-video-preview":"max-video-preview:-1"},"canonical":"https:\/\/silvimannequeen.com\/en\/skills\/","og_locale":"en_US","og_type":"article","og_title":"Voguing \u2013 Team Building - Eventos para empresas & marcas","og_description":"Revoluciona tu empresa con un team building \u00fanico. Voguing para eventos, performances y talleres. Inclusi\u00f3n y diversidad. Que tu marca brille y se diferencie.","og_url":"https:\/\/silvimannequeen.com\/en\/skills\/","og_site_name":"Silvi ManneQueen","article_modified_time":"2025-04-21T18:11:55+00:00","og_image":[{"url":"https:\/\/silvimannequeen.com\/wp-content\/uploads\/2024\/04\/SILVI-GLOBOS-3-copia-1.png","type":"","width":"","height":""}],"twitter_card":"summary_large_image","twitter_misc":{"Est. reading time":"4 minutes"},"schema":{"@context":"https:\/\/schema.org","@graph":[{"@type":"WebPage","@id":"https:\/\/silvimannequeen.com\/skills\/","url":"https:\/\/silvimannequeen.com\/skills\/","name":"Voguing \u2013 Team Building - Eventos para empresas & marcas","isPartOf":{"@id":"https:\/\/silvimannequeen.com\/#website"},"primaryImageOfPage":{"@id":"https:\/\/silvimannequeen.com\/skills\/#primaryimage"},"image":{"@id":"https:\/\/silvimannequeen.com\/skills\/#primaryimage"},"thumbnailUrl":"https:\/\/silvimannequeen.com\/wp-content\/uploads\/2024\/04\/SILVI-GLOBOS-3-copia-1.png","datePublished":"2023-10-13T11:11:30+00:00","dateModified":"2025-04-21T18:11:55+00:00","description":"Revoluciona tu empresa con un team building \u00fanico. Voguing para eventos, performances y talleres. Inclusi\u00f3n y diversidad. Que tu marca brille y se diferencie.","breadcrumb":{"@id":"https:\/\/silvimannequeen.com\/skills\/#breadcrumb"},"inLanguage":"en-US","potentialAction":[{"@type":"ReadAction","target":["https:\/\/silvimannequeen.com\/skills\/"]}]},{"@type":"ImageObject","inLanguage":"en-US","@id":"https:\/\/silvimannequeen.com\/skills\/#primaryimage","url":"https:\/\/silvimannequeen.com\/wp-content\/uploads\/2024\/04\/SILVI-GLOBOS-3-copia-1.png","contentUrl":"https:\/\/silvimannequeen.com\/wp-content\/uploads\/2024\/04\/SILVI-GLOBOS-3-copia-1.png"},{"@type":"BreadcrumbList","@id":"https:\/\/silvimannequeen.com\/skills\/#breadcrumb","itemListElement":[{"@type":"ListItem","position":1,"name":"Home","item":"https:\/\/silvimannequeen.com\/"},{"@type":"ListItem","position":2,"name":"Skills"}]},{"@type":"WebSite","@id":"https:\/\/silvimannequeen.com\/#website","url":"https:\/\/silvimannequeen.com\/","name":"Silvi ManneQueen - Voguing \u2013 Team Building - Eventos para empresas & marcas","description":"Silvi ManneQueen - Voguing &ndash; Team Building - Eventos para empresas &amp; marcas","publisher":{"@id":"https:\/\/silvimannequeen.com\/#\/schema\/person\/905fc38f3ebfc0f1295159a7a389cd6c"},"alternateName":"Silvi ManneQueen - Voguing \u2013 Team Building - Eventos para empresas & marcas","potentialAction":[{"@type":"SearchAction","target":{"@type":"EntryPoint","urlTemplate":"https:\/\/silvimannequeen.com\/?s={search_term_string}"},"query-input":{"@type":"PropertyValueSpecification","valueRequired":true,"valueName":"search_term_string"}}],"inLanguage":"en-US"},{"@type":["Person","Organization"],"@id":"https:\/\/silvimannequeen.com\/#\/schema\/person\/905fc38f3ebfc0f1295159a7a389cd6c","name":"admin","image":{"@type":"ImageObject","inLanguage":"en-US","@id":"https:\/\/silvimannequeen.com\/wp-content\/uploads\/2024\/04\/cropped-LOGO_1_Modificado-removebg-preview.png","url":"https:\/\/silvimannequeen.com\/wp-content\/uploads\/2024\/04\/cropped-LOGO_1_Modificado-removebg-preview.png","contentUrl":"https:\/\/silvimannequeen.com\/wp-content\/uploads\/2024\/04\/cropped-LOGO_1_Modificado-removebg-preview.png","width":500,"height":265,"caption":"admin"},"logo":{"@id":"https:\/\/silvimannequeen.com\/wp-content\/uploads\/2024\/04\/cropped-LOGO_1_Modificado-removebg-preview.png"},"description":"Soy Silvi Mannequeen, pionera del voguing y la escena ballroom en Espa\u00f1a. Tengo m\u00e1s de 20 a\u00f1os de experiencia en las danzas urbanas. El voguing es un estilo de baile que se origin\u00f3 en la comunidad LGBTQ+ negra y latina de Nueva York a finales de los a\u00f1os 60, dentro de la vibrante escena ballroom. Este baile y su performance han sido herramientas de resistencia creadas en sus or\u00edgenes por y para las personas negras y latinas, disidentes sexuales y de g\u00e9nero. Un baile que ha servido muchas mujeres trans para contar historias y reivindicar identidad, luchar por la visibilidad, los derechos y la libre expresi\u00f3n. A trav\u00e9s del voguing, te ayudo brillar.","sameAs":["https:\/\/silvimannequeen.com"]}]}},"_links":{"self":[{"href":"https:\/\/silvimannequeen.com\/en\/wp-json\/wp\/v2\/pages\/19","targetHints":{"allow":["GET"]}}],"collection":[{"href":"https:\/\/silvimannequeen.com\/en\/wp-json\/wp\/v2\/pages"}],"about":[{"href":"https:\/\/silvimannequeen.com\/en\/wp-json\/wp\/v2\/types\/page"}],"author":[{"embeddable":true,"href":"https:\/\/silvimannequeen.com\/en\/wp-json\/wp\/v2\/users\/1"}],"replies":[{"embeddable":true,"href":"https:\/\/silvimannequeen.com\/en\/wp-json\/wp\/v2\/comments?post=19"}],"version-history":[{"count":55,"href":"https:\/\/silvimannequeen.com\/en\/wp-json\/wp\/v2\/pages\/19\/revisions"}],"predecessor-version":[{"id":1826,"href":"https:\/\/silvimannequeen.com\/en\/wp-json\/wp\/v2\/pages\/19\/revisions\/1826"}],"wp:attachment":[{"href":"https:\/\/silvimannequeen.com\/en\/wp-json\/wp\/v2\/media?parent=19"}],"curies":[{"name":"wp","href":"https:\/\/api.w.org\/{rel}","templated":true}]}}