{"id":72,"date":"2023-10-17T12:42:23","date_gmt":"2023-10-17T12:42:23","guid":{"rendered":"https:\/\/silvimannequeen.com\/?page_id=72"},"modified":"2024-05-11T18:55:27","modified_gmt":"2024-05-11T18:55:27","slug":"about","status":"publish","type":"page","link":"https:\/\/silvimannequeen.com\/en\/about\/","title":{"rendered":"About"},"content":{"rendered":"<div data-elementor-type=\"wp-page\" data-elementor-id=\"72\" class=\"elementor elementor-72\" data-elementor-post-type=\"page\">\n\t\t\t\t\t\t<section class=\"elementor-section elementor-top-section elementor-element elementor-element-dc83428 elementor-section-full_width elementor-section-height-default elementor-section-height-default\" data-id=\"dc83428\" data-element_type=\"section\" data-e-type=\"section\">\n\t\t\t\t\t\t<div class=\"elementor-container elementor-column-gap-default\">\n\t\t\t\t\t<div class=\"elementor-column elementor-col-100 elementor-top-column elementor-element elementor-element-1022cb7\" data-id=\"1022cb7\" data-element_type=\"column\" data-e-type=\"column\">\n\t\t\t<div class=\"elementor-widget-wrap elementor-element-populated\">\n\t\t\t\t\t\t<div class=\"elementor-element elementor-element-0875988 elementor-widget elementor-widget-heading\" data-id=\"0875988\" data-element_type=\"widget\" data-e-type=\"widget\" data-widget_type=\"heading.default\">\n\t\t\t\t<div class=\"elementor-widget-container\">\n\t\t\t\t\t<h1 class=\"elementor-heading-title elementor-size-default\">ABOUT ME<\/h1>\t\t\t\t<\/div>\n\t\t\t\t<\/div>\n\t\t\t\t<section class=\"elementor-section elementor-inner-section elementor-element elementor-element-11957e8 elementor-section-boxed elementor-section-height-default elementor-section-height-default\" data-id=\"11957e8\" data-element_type=\"section\" data-e-type=\"section\">\n\t\t\t\t\t\t<div class=\"elementor-container elementor-column-gap-default\">\n\t\t\t\t\t<div class=\"elementor-column elementor-col-50 elementor-inner-column elementor-element elementor-element-31c49a0\" data-id=\"31c49a0\" data-element_type=\"column\" data-e-type=\"column\">\n\t\t\t<div class=\"elementor-widget-wrap elementor-element-populated\">\n\t\t\t\t\t\t<div class=\"elementor-element elementor-element-ca9f2cc elementor-widget elementor-widget-text-editor\" data-id=\"ca9f2cc\" data-element_type=\"widget\" data-e-type=\"widget\" data-widget_type=\"text-editor.default\">\n\t\t\t\t<div class=\"elementor-widget-container\">\n\t\t\t\t\t\t\t\t\t<p style=\"font-weight: 400;\"><strong><span data-ogsc=\"rgb(34, 34, 34)\">Artistic director, choreographer, performer and teacher<\/span><\/strong><span data-ogsc=\"rgb(34, 34, 34)\">\u00a0<\/span><span data-ogsc=\"rgb(34, 34, 34)\">recognized in urban dance since 2004. Precursor of the Ballroom and Voguing scene in Spain. In addition to her studies in Spanish dance and flamenco with Mariemma and at the conservatory, she has trained around the world in Hip Hop, House, Waacking, Vogue, Locking, Jazz and Contemporary, with pioneers of each style.<\/span><\/p><p style=\"font-weight: 400;\"><span data-ogsc=\"rgb(34, 34, 34)\">\u00a0<\/span><\/p><p style=\"font-weight: 400;\"><span data-ogsc=\"rgb(34, 34, 34)\">Her versatility and organization has led her to work as\u00a0<strong>artistic director<\/strong>\u00a0de Balls, Fashion shows and private and public events (Veranos de la Villa, Teatro Calder\u00f3n Valladolid, MBFW, Pride Alcal\u00e1) and even curating for exhibitions, organizing voguing workshops and documentary film cycles (CA2M, Sala Equis).<\/span><\/p><p style=\"font-weight: 400;\"><span data-ogsc=\"rgb(34, 34, 34)\">\u00a0<\/span><\/p><p style=\"font-weight: 400;\"><span data-ogsc=\"rgb(34, 34, 34)\">She has been movement coach for Natty Peluso and her videoclip Salvaje en 2023 and has been choreographing and dancing for the group Peinetta for several years.\u00a0<\/span><\/p><p style=\"font-weight: 400;\"><span data-ogsc=\"rgb(34, 34, 34)\">\u00a0<\/span><\/p><p style=\"font-weight: 400;\"><span data-ogsc=\"rgb(34, 34, 34)\">She received the European Ambassador of the Ballroom \/ Voguing Scene Award at the \u201cEuropean People Choice Awards\u201d Paris, 2019. And the European Trailblazer Award at the ELB Paris 2024.\u00a0<\/span><\/p><p style=\"font-weight: 400;\"><span data-ogsc=\"rgb(34, 34, 34)\">\u00a0<\/span><\/p><p style=\"font-weight: 400;\"><span data-ogsc=\"rgb(34, 34, 34)\">His incursion into the world of\u00a0<strong>performance<\/strong>\u00a0His last performance has been with \u201cConfessions-room\u201d in Teatros el Canal and Arte Vivo in Las Villas of the Community of Madrid and in the cycles \u201cHospital de Artistas\u201d of La Juan Gallery. His latest performance has been \u201cCualquiera\u201d with the company Nadie and after a 12-day artistic residency within the framework of the Festival de S'illo, Santany\u00ed, Mallorca (August, 2023).<\/span><\/p><p style=\"font-weight: 400;\"><span data-ogsc=\"rgb(34, 34, 34)\">\u00a0<\/span><\/p><p style=\"font-weight: 400;\"><span data-ogsc=\"rgb(34, 34, 34)\">In addition to teaching and artistic direction, she currently follows a line of research where she fuses dance and movement with emotion, intimacy and words.\u00a0<\/span><\/p>\t\t\t\t\t\t\t\t<\/div>\n\t\t\t\t<\/div>\n\t\t\t\t\t<\/div>\n\t\t<\/div>\n\t\t\t\t<div class=\"elementor-column elementor-col-50 elementor-inner-column elementor-element elementor-element-6789b89\" data-id=\"6789b89\" data-element_type=\"column\" data-e-type=\"column\">\n\t\t\t<div class=\"elementor-widget-wrap elementor-element-populated\">\n\t\t\t\t\t\t<div class=\"elementor-element elementor-element-4a2c204 elementor-widget elementor-widget-image\" data-id=\"4a2c204\" data-element_type=\"widget\" data-e-type=\"widget\" data-widget_type=\"image.default\">\n\t\t\t\t<div class=\"elementor-widget-container\">\n\t\t\t\t\t\t\t\t\t\t\t\t\t\t\t<img fetchpriority=\"high\" decoding=\"async\" width=\"587\" height=\"1024\" src=\"https:\/\/silvimannequeen.com\/wp-content\/uploads\/2023\/10\/carbssupersized_julianmedinaphotography120-2-587x1024.jpg\" class=\"attachment-large size-large wp-image-121\" alt=\"\" srcset=\"https:\/\/silvimannequeen.com\/wp-content\/uploads\/2023\/10\/carbssupersized_julianmedinaphotography120-2-587x1024.jpg 587w, https:\/\/silvimannequeen.com\/wp-content\/uploads\/2023\/10\/carbssupersized_julianmedinaphotography120-2-172x300.jpg 172w, https:\/\/silvimannequeen.com\/wp-content\/uploads\/2023\/10\/carbssupersized_julianmedinaphotography120-2-768x1341.jpg 768w, https:\/\/silvimannequeen.com\/wp-content\/uploads\/2023\/10\/carbssupersized_julianmedinaphotography120-2-880x1536.jpg 880w, https:\/\/silvimannequeen.com\/wp-content\/uploads\/2023\/10\/carbssupersized_julianmedinaphotography120-2.jpg 1074w\" sizes=\"(max-width: 587px) 100vw, 587px\" style=\"width:100%;height:174.58%;max-width:1074px\" \/>\t\t\t\t\t\t\t\t\t\t\t\t\t\t\t<\/div>\n\t\t\t\t<\/div>\n\t\t\t\t\t<\/div>\n\t\t<\/div>\n\t\t\t\t\t<\/div>\n\t\t<\/section>\n\t\t\t\t\t<\/div>\n\t\t<\/div>\n\t\t\t\t\t<\/div>\n\t\t<\/section>\n\t\t\t\t<\/div>","protected":false},"excerpt":{"rendered":"<p>ABOUT ME Directora art\u00edstica, core\u00f3grafa, performer y docente\u00a0reconocida en danzas urbanas desde 2004. Precursora de la escena Ballroom y Voguing en Espa\u00f1a. Adem\u00e1s de sus estudios en danza espa\u00f1ola y flamenco con Mariemma y en el conservatorio, se ha formado alrededor del mundo en Hip hop, House, Waacking, Vogue, Locking, Jazz y Contempor\u00e1neo, con pioneros&hellip; <a class=\"more-link\" href=\"https:\/\/silvimannequeen.com\/en\/about\/\">Continue reading <span class=\"screen-reader-text\">About<\/span><\/a><\/p>","protected":false},"author":1,"featured_media":0,"parent":0,"menu_order":0,"comment_status":"closed","ping_status":"closed","template":"elementor_header_footer","meta":{"footnotes":""},"class_list":["post-72","page","type-page","status-publish","hentry","entry"],"yoast_head":"<!-- This site is optimized with the Yoast SEO plugin v27.4 - https:\/\/yoast.com\/product\/yoast-seo-wordpress\/ -->\n<title>Voguing \u2013 Team Building - Eventos para empresas &amp; marcas<\/title>\n<meta name=\"description\" content=\"Revoluciona tu empresa con un team building \u00fanico. Voguing para eventos, performances y talleres. Inclusi\u00f3n y diversidad. Que tu marca brille y se diferencie.\" \/>\n<meta name=\"robots\" content=\"index, follow, max-snippet:-1, max-image-preview:large, max-video-preview:-1\" \/>\n<link rel=\"canonical\" href=\"https:\/\/silvimannequeen.com\/en\/about\/\" \/>\n<meta property=\"og:locale\" content=\"en_US\" \/>\n<meta property=\"og:type\" content=\"article\" \/>\n<meta property=\"og:title\" content=\"Voguing \u2013 Team Building - Eventos para empresas &amp; marcas\" \/>\n<meta property=\"og:description\" content=\"Revoluciona tu empresa con un team building \u00fanico. Voguing para eventos, performances y talleres. Inclusi\u00f3n y diversidad. Que tu marca brille y se diferencie.\" \/>\n<meta property=\"og:url\" content=\"https:\/\/silvimannequeen.com\/en\/about\/\" \/>\n<meta property=\"og:site_name\" content=\"Silvi ManneQueen\" \/>\n<meta property=\"article:modified_time\" content=\"2024-05-11T18:55:27+00:00\" \/>\n<meta property=\"og:image\" content=\"https:\/\/silvimannequeen.com\/wp-content\/uploads\/2023\/10\/carbssupersized_julianmedinaphotography120-2-587x1024.jpg\" \/>\n<meta name=\"twitter:card\" content=\"summary_large_image\" \/>\n<meta name=\"twitter:label1\" content=\"Est. reading time\" \/>\n\t<meta name=\"twitter:data1\" content=\"1 minute\" \/>\n<script type=\"application\/ld+json\" class=\"yoast-schema-graph\">{\"@context\":\"https:\\\/\\\/schema.org\",\"@graph\":[{\"@type\":\"WebPage\",\"@id\":\"https:\\\/\\\/silvimannequeen.com\\\/about\\\/\",\"url\":\"https:\\\/\\\/silvimannequeen.com\\\/about\\\/\",\"name\":\"Voguing \u2013 Team Building - Eventos para empresas & marcas\",\"isPartOf\":{\"@id\":\"https:\\\/\\\/silvimannequeen.com\\\/#website\"},\"primaryImageOfPage\":{\"@id\":\"https:\\\/\\\/silvimannequeen.com\\\/about\\\/#primaryimage\"},\"image\":{\"@id\":\"https:\\\/\\\/silvimannequeen.com\\\/about\\\/#primaryimage\"},\"thumbnailUrl\":\"https:\\\/\\\/silvimannequeen.com\\\/wp-content\\\/uploads\\\/2023\\\/10\\\/carbssupersized_julianmedinaphotography120-2-587x1024.jpg\",\"datePublished\":\"2023-10-17T12:42:23+00:00\",\"dateModified\":\"2024-05-11T18:55:27+00:00\",\"description\":\"Revoluciona tu empresa con un team building \u00fanico. Voguing para eventos, performances y talleres. Inclusi\u00f3n y diversidad. Que tu marca brille y se diferencie.\",\"breadcrumb\":{\"@id\":\"https:\\\/\\\/silvimannequeen.com\\\/about\\\/#breadcrumb\"},\"inLanguage\":\"en-US\",\"potentialAction\":[{\"@type\":\"ReadAction\",\"target\":[\"https:\\\/\\\/silvimannequeen.com\\\/about\\\/\"]}]},{\"@type\":\"ImageObject\",\"inLanguage\":\"en-US\",\"@id\":\"https:\\\/\\\/silvimannequeen.com\\\/about\\\/#primaryimage\",\"url\":\"https:\\\/\\\/silvimannequeen.com\\\/wp-content\\\/uploads\\\/2023\\\/10\\\/carbssupersized_julianmedinaphotography120-2-587x1024.jpg\",\"contentUrl\":\"https:\\\/\\\/silvimannequeen.com\\\/wp-content\\\/uploads\\\/2023\\\/10\\\/carbssupersized_julianmedinaphotography120-2-587x1024.jpg\"},{\"@type\":\"BreadcrumbList\",\"@id\":\"https:\\\/\\\/silvimannequeen.com\\\/about\\\/#breadcrumb\",\"itemListElement\":[{\"@type\":\"ListItem\",\"position\":1,\"name\":\"Home\",\"item\":\"https:\\\/\\\/silvimannequeen.com\\\/\"},{\"@type\":\"ListItem\",\"position\":2,\"name\":\"About\"}]},{\"@type\":\"WebSite\",\"@id\":\"https:\\\/\\\/silvimannequeen.com\\\/#website\",\"url\":\"https:\\\/\\\/silvimannequeen.com\\\/\",\"name\":\"Silvi ManneQueen - Voguing \u2013 Team Building - Eventos para empresas & marcas\",\"description\":\"Silvi ManneQueen - Voguing &ndash; Team Building - Eventos para empresas &amp; marcas\",\"publisher\":{\"@id\":\"https:\\\/\\\/silvimannequeen.com\\\/#\\\/schema\\\/person\\\/905fc38f3ebfc0f1295159a7a389cd6c\"},\"alternateName\":\"Silvi ManneQueen - Voguing \u2013 Team Building - Eventos para empresas & marcas\",\"potentialAction\":[{\"@type\":\"SearchAction\",\"target\":{\"@type\":\"EntryPoint\",\"urlTemplate\":\"https:\\\/\\\/silvimannequeen.com\\\/?s={search_term_string}\"},\"query-input\":{\"@type\":\"PropertyValueSpecification\",\"valueRequired\":true,\"valueName\":\"search_term_string\"}}],\"inLanguage\":\"en-US\"},{\"@type\":[\"Person\",\"Organization\"],\"@id\":\"https:\\\/\\\/silvimannequeen.com\\\/#\\\/schema\\\/person\\\/905fc38f3ebfc0f1295159a7a389cd6c\",\"name\":\"admin\",\"image\":{\"@type\":\"ImageObject\",\"inLanguage\":\"en-US\",\"@id\":\"https:\\\/\\\/silvimannequeen.com\\\/wp-content\\\/uploads\\\/2024\\\/04\\\/cropped-LOGO_1_Modificado-removebg-preview.png\",\"url\":\"https:\\\/\\\/silvimannequeen.com\\\/wp-content\\\/uploads\\\/2024\\\/04\\\/cropped-LOGO_1_Modificado-removebg-preview.png\",\"contentUrl\":\"https:\\\/\\\/silvimannequeen.com\\\/wp-content\\\/uploads\\\/2024\\\/04\\\/cropped-LOGO_1_Modificado-removebg-preview.png\",\"width\":500,\"height\":265,\"caption\":\"admin\"},\"logo\":{\"@id\":\"https:\\\/\\\/silvimannequeen.com\\\/wp-content\\\/uploads\\\/2024\\\/04\\\/cropped-LOGO_1_Modificado-removebg-preview.png\"},\"description\":\"Soy Silvi Mannequeen, pionera del voguing y la escena ballroom en Espa\u00f1a. Tengo m\u00e1s de 20 a\u00f1os de experiencia en las danzas urbanas. El voguing es un estilo de baile que se origin\u00f3 en la comunidad LGBTQ+ negra y latina de Nueva York a finales de los a\u00f1os 60, dentro de la vibrante escena ballroom. Este baile y su performance han sido herramientas de resistencia creadas en sus or\u00edgenes por y para las personas negras y latinas, disidentes sexuales y de g\u00e9nero. Un baile que ha servido muchas mujeres trans para contar historias y reivindicar identidad, luchar por la visibilidad, los derechos y la libre expresi\u00f3n. A trav\u00e9s del voguing, te ayudo brillar.\",\"sameAs\":[\"https:\\\/\\\/silvimannequeen.com\"]}]}<\/script>\n<!-- \/ Yoast SEO plugin. -->","yoast_head_json":{"title":"Voguing \u2013 Team Building - Eventos para empresas & marcas","description":"Revoluciona tu empresa con un team building \u00fanico. Voguing para eventos, performances y talleres. Inclusi\u00f3n y diversidad. Que tu marca brille y se diferencie.","robots":{"index":"index","follow":"follow","max-snippet":"max-snippet:-1","max-image-preview":"max-image-preview:large","max-video-preview":"max-video-preview:-1"},"canonical":"https:\/\/silvimannequeen.com\/en\/about\/","og_locale":"en_US","og_type":"article","og_title":"Voguing \u2013 Team Building - Eventos para empresas & marcas","og_description":"Revoluciona tu empresa con un team building \u00fanico. Voguing para eventos, performances y talleres. Inclusi\u00f3n y diversidad. Que tu marca brille y se diferencie.","og_url":"https:\/\/silvimannequeen.com\/en\/about\/","og_site_name":"Silvi ManneQueen","article_modified_time":"2024-05-11T18:55:27+00:00","og_image":[{"url":"https:\/\/silvimannequeen.com\/wp-content\/uploads\/2023\/10\/carbssupersized_julianmedinaphotography120-2-587x1024.jpg","type":"","width":"","height":""}],"twitter_card":"summary_large_image","twitter_misc":{"Est. reading time":"1 minute"},"schema":{"@context":"https:\/\/schema.org","@graph":[{"@type":"WebPage","@id":"https:\/\/silvimannequeen.com\/about\/","url":"https:\/\/silvimannequeen.com\/about\/","name":"Voguing \u2013 Team Building - Eventos para empresas & marcas","isPartOf":{"@id":"https:\/\/silvimannequeen.com\/#website"},"primaryImageOfPage":{"@id":"https:\/\/silvimannequeen.com\/about\/#primaryimage"},"image":{"@id":"https:\/\/silvimannequeen.com\/about\/#primaryimage"},"thumbnailUrl":"https:\/\/silvimannequeen.com\/wp-content\/uploads\/2023\/10\/carbssupersized_julianmedinaphotography120-2-587x1024.jpg","datePublished":"2023-10-17T12:42:23+00:00","dateModified":"2024-05-11T18:55:27+00:00","description":"Revoluciona tu empresa con un team building \u00fanico. Voguing para eventos, performances y talleres. Inclusi\u00f3n y diversidad. Que tu marca brille y se diferencie.","breadcrumb":{"@id":"https:\/\/silvimannequeen.com\/about\/#breadcrumb"},"inLanguage":"en-US","potentialAction":[{"@type":"ReadAction","target":["https:\/\/silvimannequeen.com\/about\/"]}]},{"@type":"ImageObject","inLanguage":"en-US","@id":"https:\/\/silvimannequeen.com\/about\/#primaryimage","url":"https:\/\/silvimannequeen.com\/wp-content\/uploads\/2023\/10\/carbssupersized_julianmedinaphotography120-2-587x1024.jpg","contentUrl":"https:\/\/silvimannequeen.com\/wp-content\/uploads\/2023\/10\/carbssupersized_julianmedinaphotography120-2-587x1024.jpg"},{"@type":"BreadcrumbList","@id":"https:\/\/silvimannequeen.com\/about\/#breadcrumb","itemListElement":[{"@type":"ListItem","position":1,"name":"Home","item":"https:\/\/silvimannequeen.com\/"},{"@type":"ListItem","position":2,"name":"About"}]},{"@type":"WebSite","@id":"https:\/\/silvimannequeen.com\/#website","url":"https:\/\/silvimannequeen.com\/","name":"Silvi ManneQueen - Voguing \u2013 Team Building - Eventos para empresas & marcas","description":"Silvi ManneQueen - Voguing &ndash; Team Building - Eventos para empresas &amp; marcas","publisher":{"@id":"https:\/\/silvimannequeen.com\/#\/schema\/person\/905fc38f3ebfc0f1295159a7a389cd6c"},"alternateName":"Silvi ManneQueen - Voguing \u2013 Team Building - Eventos para empresas & marcas","potentialAction":[{"@type":"SearchAction","target":{"@type":"EntryPoint","urlTemplate":"https:\/\/silvimannequeen.com\/?s={search_term_string}"},"query-input":{"@type":"PropertyValueSpecification","valueRequired":true,"valueName":"search_term_string"}}],"inLanguage":"en-US"},{"@type":["Person","Organization"],"@id":"https:\/\/silvimannequeen.com\/#\/schema\/person\/905fc38f3ebfc0f1295159a7a389cd6c","name":"admin","image":{"@type":"ImageObject","inLanguage":"en-US","@id":"https:\/\/silvimannequeen.com\/wp-content\/uploads\/2024\/04\/cropped-LOGO_1_Modificado-removebg-preview.png","url":"https:\/\/silvimannequeen.com\/wp-content\/uploads\/2024\/04\/cropped-LOGO_1_Modificado-removebg-preview.png","contentUrl":"https:\/\/silvimannequeen.com\/wp-content\/uploads\/2024\/04\/cropped-LOGO_1_Modificado-removebg-preview.png","width":500,"height":265,"caption":"admin"},"logo":{"@id":"https:\/\/silvimannequeen.com\/wp-content\/uploads\/2024\/04\/cropped-LOGO_1_Modificado-removebg-preview.png"},"description":"Soy Silvi Mannequeen, pionera del voguing y la escena ballroom en Espa\u00f1a. Tengo m\u00e1s de 20 a\u00f1os de experiencia en las danzas urbanas. El voguing es un estilo de baile que se origin\u00f3 en la comunidad LGBTQ+ negra y latina de Nueva York a finales de los a\u00f1os 60, dentro de la vibrante escena ballroom. Este baile y su performance han sido herramientas de resistencia creadas en sus or\u00edgenes por y para las personas negras y latinas, disidentes sexuales y de g\u00e9nero. Un baile que ha servido muchas mujeres trans para contar historias y reivindicar identidad, luchar por la visibilidad, los derechos y la libre expresi\u00f3n. A trav\u00e9s del voguing, te ayudo brillar.","sameAs":["https:\/\/silvimannequeen.com"]}]}},"_links":{"self":[{"href":"https:\/\/silvimannequeen.com\/en\/wp-json\/wp\/v2\/pages\/72","targetHints":{"allow":["GET"]}}],"collection":[{"href":"https:\/\/silvimannequeen.com\/en\/wp-json\/wp\/v2\/pages"}],"about":[{"href":"https:\/\/silvimannequeen.com\/en\/wp-json\/wp\/v2\/types\/page"}],"author":[{"embeddable":true,"href":"https:\/\/silvimannequeen.com\/en\/wp-json\/wp\/v2\/users\/1"}],"replies":[{"embeddable":true,"href":"https:\/\/silvimannequeen.com\/en\/wp-json\/wp\/v2\/comments?post=72"}],"version-history":[{"count":25,"href":"https:\/\/silvimannequeen.com\/en\/wp-json\/wp\/v2\/pages\/72\/revisions"}],"predecessor-version":[{"id":1632,"href":"https:\/\/silvimannequeen.com\/en\/wp-json\/wp\/v2\/pages\/72\/revisions\/1632"}],"wp:attachment":[{"href":"https:\/\/silvimannequeen.com\/en\/wp-json\/wp\/v2\/media?parent=72"}],"curies":[{"name":"wp","href":"https:\/\/api.w.org\/{rel}","templated":true}]}}